{"id":105,"date":"2013-09-30T09:21:04","date_gmt":"2013-09-30T09:21:04","guid":{"rendered":"http:\/\/www.rosscon.ro\/ro\/?page_id=105"},"modified":"2014-01-31T16:24:50","modified_gmt":"2014-01-31T13:24:50","slug":"privacy","status":"publish","type":"page","link":"http:\/\/www.rosscon.ro\/en\/ross-consultants\/privacy\/","title":{"rendered":"Privacy"},"content":{"rendered":"<p><\/p>\n<h4><a name=\"politica\"><\/a>Politica de Confiden\u021bialitate<\/h4>\n<p>Pentru ROSS Consultants protejarea confiden\u021bialit\u0103\u021bii informa\u021biilor referitoare la clien\u021bi \u0219i utilizatori ai Platformei este foarte important\u0103. Scopul acestei policiti este s\u0103 descrie tipurile de informa\u021bii pe care le culegem despre utilizatori, modul \u00een care utiliz\u0103m aceste informa\u021bii, modul \u00een care le protej\u0103m, modul \u00een care le comunic\u0103m \u0219i op\u021biunile utilizatorilor referitoare la propriile informa\u021bii.<\/p>\n<p>Prin accesarea \u0219i utilizarea Platformei v\u0103 declara\u021bi acordul cu privire la practicile descrise \u00een acest document. V\u0103 rug\u0103m s\u0103 citi\u021bi acest document \u00een mod regulat pentru a v\u0103 asigura c\u0103 sunte\u021bi la curent cu eventualele modific\u0103ri aduse pe parcurs. Aceste modific\u0103ri sunt prezentate \u00een sec\u021biunea \u201cModific\u0103ri ale Politicii de Confiden\u021bialitate\u201d.<\/p>\n<p>Dac\u0103 ave\u021bi \u00eentreb\u0103ri sau preocup\u0103ri referitoare la securitatea informa\u021biilor \u00een conjunc\u021bie cu utilizarea Platformei v\u0103 rug\u0103m s\u0103 ne contacta\u021bi.<\/p>\n<h4><a name=\"informatiifara\"><\/a>Informa\u021bii f\u0103r\u0103 caracter personal pe care le colect\u0103m<\/h4>\n<p>Colect\u0103m \u00een mod automat informa\u021bii f\u0103r\u0103 caracter personal \u00een momentul \u00een care vizita\u021bi Platforma noastr\u0103. Aceaste informa\u021bi includ adresa IP ce este automat asignat\u0103 calculatorului dumneavoastr\u0103 \u00een momentul \u00een care v\u0103 conecta\u021bi la Internet. Acest num\u0103r nu identific\u0103 numele dumneavoastr\u0103, adresa dumneavoastr\u0103 de e-mail sau alte informa\u021bii personale. Utiliz\u0103m aceast\u0103 adres\u0103 IP pentru a administra Platforma.<\/p>\n<p>Colect\u0103m, de asemenea informa\u021bii f\u0103r\u0103 caracter personal prin intermediul \u201ccookies\u201d. Un cookie este un fisier depus de un site web \u00een calculatorul dumneavoastr\u0103 pentru a u\u0219ura accesul dumneavoastr\u0103 ulterior la acel site. Utiliz\u0103m de asemenea cookies pentru a colecta informa\u021bii statistice despre num\u0103rul \u0219i frecven\u021ba vizitelor \u00een cadrul Platformei \u0219i a paginilor sale individuale. Aceste informa\u021bii ne ajut\u0103 s\u0103 \u00eembun\u0103t\u0103\u021bim utilizarea Platformei. Aceste cookies nu colecteaz\u0103 informa\u021bii cu caracter personal \u0219i nu combin\u0103m informa\u021biile culese de cookies cu alte informa\u021bii cu caracter personal pe care le colect\u0103m despre dumneavoastr\u0103.<\/p>\n<p>Ave\u021bi posibilitatea de a bloca cookies prin schimbarea parametrilor aplica\u021biei de navigare pe internet (Internet Explorer, Chrome, Safari, Firefox, etc.). Cu toate acestea, blocarea tuturor cookies poate afecta func\u021bionalitatea Platformei.<\/p>\n<h4><a name=\"informatiicu\"><\/a>Informa\u021bii cu caracter personal pe care le colect\u0103m<\/h4>\n<p>Exist\u0103 situa\u021bii \u00een care colect\u0103m informa\u021bii cu caracter personal cum ar fi numele si prenumele, adresa de e-mail, num\u0103rul de telefon. O astfel de situa\u021bie este reprezentat\u0103 de decizia dumneavoastr\u0103 de a v\u0103 \u00eenregistra \u00een baza noastr\u0103 de date de contacte utilizat\u0103 la realizarea comunic\u0103rii dintre noi \u0219i dumneavoastr\u0103.<\/p>\n<p>Este posibil ca informa\u021biile trimise electronic de dumneavoastr\u0103 dintr-o \u021bar\u0103 s\u0103 fie stocate pe servere ce nu se afl\u0103 \u00een \u021bara dumneavoastr\u0103, ci \u00een Rom\u00e2nia sau alt\u0103 \u021bar\u0103 \u00een care furnizorul nostru de servicii de Internet de\u021bine servere. Prin furnizarea informa\u021biilor cu caracter personal c\u0103tre noi dumneavoastr\u0103 consim\u021bi\u021bi c\u0103 aceste date pot fi stocate \u0219i procesate de servere care nu sunt g\u0103zduite \u00een \u021bara dumneavoastr\u0103. ROSS Consultants se asigur\u0103 c\u0103 furnizorii s\u0103i de servicii Internet protejeaz\u0103 aceste informa\u021bii \u00een concordan\u021b\u0103 cu aceast\u0103 politic\u0103 de confiden\u021bialitate.<\/p>\n<h4><a name=\"utilizarea\"><\/a>Utilizarea informa\u021biilor dumneavoastr\u0103<\/h4>\n<p>\u00cen situa\u021bia \u00een care ne furniza\u021bi adresa dumneavoastr\u0103 de e-mail consim\u021biti s\u0103 primi\u021bi comunic\u0103ri pe e-mail din partea noastr\u0103. Aceste mesaje vor con\u021bine informa\u021bii legate de dezvolt\u0103rile \u0219i evenimentele recente din cadrul companiei noastre, publicarea unor articole \u00een cadrul Platformei (\u00een sec\u021biunea Articole sau Blog), campanii de promovare a unor servicii ale companiei. Dac\u0103 dori\u021bi s\u0103 \u0219terge\u021bi adresa dumneavoastr\u0103 de mail din lista noastr\u0103 de contacte v\u0103 rug\u0103m s\u0103 consulta\u021bi sec\u021biunea \u201cCum s\u0103 Corecta\u021bi sau s\u0103 \u0218terge\u021bi Informa\u021biile Dumneavoastr\u0103 din Lista de Contacte\u201d.<\/p>\n<p>\u00cen situa\u021bia \u00een care ne furniza\u021bi num\u0103rul dumneavoastr\u0103 de telefon consim\u021biti s\u0103 fi\u021bi contactat telefonic \u00een leg\u0103tur\u0103 cu furnizarea de informa\u021bii referitoare la serviciile noastre \u0219i identificarea de oportunit\u0103\u021bi de furnizare a acestor servicii c\u0103tre dumneavoastr\u0103.<\/p>\n<p>ROSS Consultants nu \u00eemp\u0103rt\u0103\u0219e\u0219te \u00een mod deliberat cu nicio entitate informa\u021biile dumneavoastr\u0103 cu caracter personal (nume, prenume, num\u0103r de telefon, adresa de e-mail). Cu toate acestea, aceste informa\u021bii pot fi accesibile furnizorilor no\u0219tri de servicii de Internet. \u00cen aceste situa\u021bii ROSS Consultants se asigur\u0103 c\u0103 ace\u0219ti furnizori utilizeaz\u0103 politici de confiden\u021bialitate a informa\u021biilor cu caracter personal care s\u0103 protejeze confiden\u021bialitatea informa\u021biilor furnizate de dumneavoastr\u0103.<\/p>\n<h4><a name=\"comunicarea\"><\/a>Comunicarea informa\u021biilor dumneavoastr\u0103<\/h4>\n<p>Nu comunic\u0103m informa\u021biile cu character personal furnizate de dumneavoastr\u0103 (nume, prenume, num\u0103r de telefon, adresa de e-mail) niciunei alte companii, persoane sau agen\u021bii cu excep\u021bia situa\u021biilor expuse mai jos:<\/p>\n<ul>\n<li>Furnizorii de servicii: angaj\u0103m alte companii sau entit\u0103\u021bi s\u0103 realizeze anumite servicii pentru noi. Exemple de astfel de servicii sunt: operararea \u0219i \u00eentre\u021binerea Platformei, expedierea de mesaje e-mail, \u00eentre\u021binerea bazei de date de contacte, analiza informa\u021biilor de exploatare a Platformei de c\u0103tre utilizatori, furnizarea de servicii de marketing \u0219i comunicare, realizarea de sondaje \u00een r\u00e2ndul utilizatorilor \u0219i furnizarea de servicii c\u0103tre utlizatori. S-ar putea ca aceste companii s\u0103 aib\u0103 acces la informa\u021biile dumneavoastr\u0103 pentru a-\u0219i furniza serviciile, dar nu le vor putea utiliza \u00een alte scopuri dec\u00e2t cele agreat \u00een contractele de servicii;<\/li>\n<li>Pentru protec\u021bia dumneavoastr\u0103 \u0219i a noastr\u0103: s-ar putea s\u0103 comunic\u0103m informa\u021bii cu caracter personal dac\u0103 vom considera c\u0103 este necesar s\u0103 respect\u0103m anumite legi n vigoare, procese juridice sau cereri guvernamentale, dac\u0103 vom fi \u00een situa\u021bia de a pune \u00een aplicare Acordul referitor la Termenii de Utilizare sau dac\u0103 vom fi \u00een situa\u021bia de a proteja drepturile, prorpietatea \u0219i siguran\u021ba companiei ROSS Consultants, a angaja\u021bilor s\u0103i, a clien\u021bilor s\u0103i, sau a altor persoane \u0219i entit\u0103\u021bi;<\/li>\n<li>Fuziuni \u0219i achizi\u021bii: \u00cen astfel de tranzac\u021bii informa\u021biile despre clien\u021bi \u0219i utilzatori pot fi considerate active implicate \u00een procesul de transfer. Cu toate acestea ele vor r\u0103m\u00e2ne sub protec\u021bia politicii de confiden\u021bialitate existente \u00eenainte de transfer cu excep\u021bia situa\u021biilor \u00een care utilizatorii consimt diferit;<\/li>\n<li>Cu acordul dumneavoastr\u0103: pentru situa\u021biie diferite de cele de mai sus v\u0103 vom informa cu privire la inten\u021bia de a comunica c\u0103tre alte entit\u0103\u021bi informa\u021biile dumneavoastr\u0103 cu caracter personal \u0219i ve\u021bi avea oportunitatea de a decide dac\u0103 acest lucru se va \u00eent\u00e2mpla.<\/li>\n<\/ul>\n<p>\u00cen situa\u021biile prev\u0103zute mai sus ROSS Consultants se asigur\u0103 c\u0103 ace\u0219ti furnizori utilizeaz\u0103 politici de confiden\u021bialitate a informa\u021biilor cu caracter personal care s\u0103 protejeze confiden\u021bialitatea informa\u021biilor furnizate de dumneavoastr\u0103.<\/p>\n<h4><a name=\"cumsa\"><\/a>Cum s\u0103 corecta\u021bi sau s\u0103 \u0219terge\u021bi informa\u021biile dumneavoastr\u0103 din lista de contacte<\/h4>\n<p>Platforma noastr\u0103 v\u0103 ofer\u0103 urm\u0103toarele op\u021biuni de a corecta sau \u0219terge informa\u021biile dumneavoastr\u0103 cu caracter personal existente \u00een lista noastr\u0103 de contacte:<\/p>\n<ul>\n<li>pute\u021bi s\u0103 ne trimite\u021bi un e-mail pe adresa: office at rosscon dot ro<\/li>\n<li>puteti s\u0103 ne trimite\u021bi o scrisoare la adresa: OP4, CP235, Bucure\u0219ti, 031074, Romania<\/li>\n<li>pute\u021bi s\u0103 ne telefona\u021bi la + 40 21 3228352<\/li>\n<li>pute\u021bi s\u0103 ne trimite\u021bi o comunicare prin intermediul formularului \u201cContact\u201d<\/li>\n<\/ul>\n<h4><a name=\"protejarea\"><\/a>Protejarea informa\u021biei cu caracter personal<\/h4>\n<p>Suntem interesa\u021bi de protejarea informa\u021biilor dumneavoastr\u0103 cu caracter personal \u0219i lu\u0103m m\u0103suri pentru ca acest lucru s\u0103 se \u00eent\u00e2mple.<\/p>\n<h4><a name=\"referinte\"><\/a>Referin\u021be externe<\/h4>\n<p>Dorim s\u0103 fi\u021bi avizat de faptul c\u0103 site-urile web externe la care se poate face referin\u021b\u0103 din interiorul Platformei nu opereaz\u0103 sub aceast\u0103 politic\u0103 de confiden\u021bialitate. V\u0103 recomand\u0103m prin urmare s\u0103 citi\u021bi declara\u021biile referitoare la politica de confiden\u021bialitate a acestor site-uri pentru a \u00een\u021belege procedurile lor referitoare la colectarea, utilizarea \u0219i comunicarea informa\u021biilor cu caracter personal.<\/p>\n<h4><a name=\"modificari\"><\/a>Modific\u0103ri ale Politicii de Confiden\u021bialitate<\/h4>\n<p>Se poate \u00eent\u00e2mpla ca ROSS Consultants s\u0103 modifice aceast\u0103 politic\u0103 \u00een viitor. V\u0103 vom \u00een\u0219tiin\u021ba despre o astfel de situa\u021bie prin expedierea unui mesaj e-mail (pentru persoanele \u00eenregistrate \u00een lista noastr\u0103 de contacte) sau prin comunicarea direct\u0103 \u00een cadrul Platformei.<\/p>\n<p>Data: 15.12.2013<\/p>","protected":false},"excerpt":{"rendered":"<p>Politica de Confiden\u021bialitate Pentru ROSS Consultants protejarea confiden\u021bialit\u0103\u021bii informa\u021biilor referitoare la clien\u021bi \u0219i utilizatori ai Platformei este foarte important\u0103. Scopul acestei policiti este s\u0103 descrie tipurile de informa\u021bii pe care le culegem despre utilizatori, modul \u00een care utiliz\u0103m aceste informa\u021bii, modul \u00een care le protej\u0103m, modul \u00een care le comunic\u0103m \u0219i op\u021biunile utilizatorilor referitoare la propriile informa\u021bii. Prin accesarea \u0219i utilizarea Platformei v\u0103 declara\u021bi acordul cu privire la practicile descrise&nbsp;&nbsp;<a href=\"http:\/\/www.rosscon.ro\/en\/ross-consultants\/privacy\/\" class=\"readmore\">more&#8230;<\/a><\/p>\n","protected":false},"author":6,"featured_media":684,"parent":511,"menu_order":8,"comment_status":"open","ping_status":"open","template":"page-with-sidebar.php","meta":[],"_links":{"self":[{"href":"http:\/\/www.rosscon.ro\/en\/wp-json\/wp\/v2\/pages\/105"}],"collection":[{"href":"http:\/\/www.rosscon.ro\/en\/wp-json\/wp\/v2\/pages"}],"about":[{"href":"http:\/\/www.rosscon.ro\/en\/wp-json\/wp\/v2\/types\/page"}],"author":[{"embeddable":true,"href":"http:\/\/www.rosscon.ro\/en\/wp-json\/wp\/v2\/users\/6"}],"replies":[{"embeddable":true,"href":"http:\/\/www.rosscon.ro\/en\/wp-json\/wp\/v2\/comments?post=105"}],"version-history":[{"count":8,"href":"http:\/\/www.rosscon.ro\/en\/wp-json\/wp\/v2\/pages\/105\/revisions"}],"predecessor-version":[{"id":795,"href":"http:\/\/www.rosscon.ro\/en\/wp-json\/wp\/v2\/pages\/105\/revisions\/795"}],"up":[{"embeddable":true,"href":"http:\/\/www.rosscon.ro\/en\/wp-json\/wp\/v2\/pages\/511"}],"wp:featuredmedia":[{"embeddable":true,"href":"http:\/\/www.rosscon.ro\/en\/wp-json\/wp\/v2\/media\/684"}],"wp:attachment":[{"href":"http:\/\/www.rosscon.ro\/en\/wp-json\/wp\/v2\/media?parent=105"}],"curies":[{"name":"wp","href":"https:\/\/api.w.org\/{rel}","templated":true}]}}