{"id":103,"date":"2013-09-30T09:18:24","date_gmt":"2013-09-30T09:18:24","guid":{"rendered":"http:\/\/www.rosscon.ro\/ro\/?page_id=103"},"modified":"2014-01-31T16:15:22","modified_gmt":"2014-01-31T13:15:22","slug":"terms-of-use","status":"publish","type":"page","link":"http:\/\/www.rosscon.ro\/en\/ross-consultants\/terms-of-use\/","title":{"rendered":"Terms of use"},"content":{"rendered":"<p><\/p>\n<h4><a name=\"confidentialitatea\"><\/a>Confiden\u021bialitatea<\/h4>\n<p>V\u0103 rug\u0103m s\u0103 consulta\u021bi politica noastr\u0103 de confiden\u021bialitate. Termenii \u0219i condi\u021biile acestei politici fac parte din acest Acord.<\/p>\n<h4><a name=\"drepturile\"><\/a>Drepturile de proprietate intelectual\u0103<\/h4>\n<p>Toate drepturile de proprietate intelectual\u0103 referitoare la texte, imagini, fotografii, grafice, interfa\u021ba utilizatorului \u0219i a altori tipuri de con\u021binut prezente \u00een cadrul Platformei \u00eempreun\u0103 cu selec\u021bia, arhitectura \u0219i aranjamentul acestui con\u021binut sunt de\u021binute de c\u0103tre ROSS Consultants \u0219i alte entit\u0103\u021bi licen\u021biatoare \u0219i sunt guvernate de legile rom\u00e2ne\u0219ti \u0219i interna\u021bionale din domeniul propriet\u0103\u021bii intelectuale. Conform acestor legi nu ave\u021bi dreptul de a copia, reproduce, modifica, distribui, afi\u0219a, publica or transmite nicio parte a con\u021binutului Platformei pentru niciun scop. Nimic din ceea ce este declarat sau implicat \u00een cadrul Platformei nu v\u0103 confer\u0103 vreo licen\u021b\u0103 sau vreun drept referitor la drepturile de proprietate intelectual\u0103 ale ROSS Consultants sau a vreunei alte entit\u0103\u021bi.<\/p>\n<p>Pute\u021bi utiliza Platforma \u0219i informa\u021biile con\u021binute de ea numai pentru uzul dumneavoastr\u0103 personal, ne-comercial. Cu excep\u021bia cazurilor \u00een care Platforma permite \u00een mod expres, nu ave\u021bi dreptul de a transmite, duplica, copia, reproduce, edita, manipula, modifica, publica, \u00eenchiria, vinde, afi\u0219a \u00een mod public, distribui sau pune \u00een circula\u021bie vreo parte din con\u021binutul Platformei, sau utiliza con\u021binutul Platformei \u00een cadrul unor ac\u021biuni de natur\u0103 juridic\u0103, sau pentru orice scop comercial sau de promovare f\u0103r\u0103 permisiunea expres\u0103, transmis\u0103 \u00een scris, a companiei ROSS Consultants. Pentru a ob\u021bine astfel de permisiuni v\u0103 rug\u0103m s\u0103 ne contacta\u021bi.<\/p>\n<h4><a name=\"notificari\"><\/a>Notific\u0103ri ale \u00eenc\u0103lc\u0103rilor drepturilor de proprietate intelectual\u0103<\/h4>\n<p>Compania ROSS Consultants respect\u0103 drepturile de proprietate intelectual\u0103 a altor persoane sau entit\u0103\u021bi. \u00cen momentul \u00een care devenim aviza\u021bi de posibilitatea ca materialele informative distribuite \u00een cadrul Platformei s\u0103 fi \u00eenc\u0103lcat drepturile de proprietate intelectual\u0103 ale altor persoane sau entit\u0103\u021bi vom investiga de \u00eendat\u0103 acele situa\u021bii \u0219i vom \u00eentreprinde ac\u021biunile care se impun.\u00a0 Aceasta poate s\u0103 \u00eensemne inclusiv restric\u021bionarea accesului la Platform\u0103 pentru persoanele care au inc\u0103lcat \u00een mod repetat drepturile de proprietate intelectual\u0103 ale altora.<\/p>\n<p>V\u0103 rug\u0103m s\u0103 ne aduce\u021bi la cuno\u0219tin\u021b\u0103 situa\u021biile \u00een care considera\u021bi c\u0103 munca dumneavoastr\u0103 a fost copiat\u0103 \u0219i distribuit\u0103 prin intermediul Platformei \u00eentr-un mod ce constituie o \u00eenc\u0103lcare a drepturilor de proprietate intelectual\u0103.<\/p>\n<h4><a name=\"accesul\"><\/a>Accesul la Platform\u0103<\/h4>\n<p>ROSS Consultants v\u0103 acord\u0103 o licen\u021b\u0103 limitat\u0103 de a accesa \u0219i utiliza Platforma \u00een scopuri personale. Acest licen\u021b\u0103 nu include posibilitatea de a desc\u0103rca \u0219i modifica con\u021binutul Platformei \u00een \u00eentregul s\u0103u sau a vreunei p\u0103r\u021bi a acesteia, de a revinde sau a utiliza \u00een scopuri comerciale Platforma sau con\u021binutul acesteia; de a colecta \u0219i utiliza listele de produse\/servicii \u0219i descrierea acestora sau orice posibilitate de a utiliza instrumente automatizate de identificare, interogare, spionare, culegere \u0219i extragere de date.<\/p>\n<p>Platforma \u0219i oricare parte a ei nu poate fi reprodus\u0103, multiplicat\u0103, copiat\u0103, v\u00e2ndut\u0103, re-v\u00e2ndut\u0103, vizitat\u0103 sau exploatat\u0103 \u00een niciun mod comercial f\u0103r\u0103 permisiunea expres\u0103, comunicat\u0103 \u00een scris a companiei ROSS Consultants. Nu ave\u021bi dreptul de a utiliza tehnici de \u00eencadrare \u0219i afi\u0219are (framing) a elementelor de trademark, logo sau a altor informa\u021bii de tip imagini, text, formulare \u0219i cadre apar\u021bin\u00eend ROSS Consultants sau a entit\u0103\u021bilor affiliate f\u0103r\u0103 permisiunea expres\u0103, comunicat\u0103 \u00een scris. Nu ave\u021bi dreptul de a utiliza elemente meta (meta-tags) sau orice alt text ascuns ce face referire la numele \u0219i trademark-ul ROSS Consultants f\u0103r\u0103 permisiunea expres\u0103, comunicat\u0103 \u00een scris.\u00a0 Orice utilizare nepermis\u0103 conduce la anularea licen\u021bei acordat\u0103 de c\u0103tre ROSS Consultants.<\/p>\n<p>V\u0103 este permis dreptul limitat, revocabil \u0219i neexclusiv de a crea o referin\u021b\u0103 (\u201chyperlink\u201d) c\u0103tre orice pagin\u0103 a Platformei at\u00e2ta timp c\u00e2t aceast\u0103 referin\u021b\u0103 nu pune compania ROSS Consultants \u0219i serviciile sale \u00eentr-o postur\u0103 negativ\u0103, fals\u0103, degradant\u0103 sau insult\u0103toare. Nu ave\u021bi dreptul de a utiliza logo-ul sau alte elemente grafice private ale companiei ca parte a referin\u021bei f\u0103r\u0103 permisiunea expres\u0103 a companiei, comunicat\u0103 \u00een scris.<\/p>\n<h4><a name=\"raspunderea\"><\/a>R\u0103spunderea<\/h4>\n<p>Nu ne asum\u0103m r\u0103spunderea referitoare la r\u0103sp\u00e2ndirea viru\u0219ilor rezultat\u0103 ca urmare a utiliz\u0103rii Platformei. \u00cen nici o situa\u021bie, inclusiv, dar nelimit\u00eendu-se la neglijen\u021b\u0103, nu putem fi f\u0103cu\u021bi r\u0103spunz\u0103tori de pierderile rezultate din utilizarea Platformei, sau a informa\u021biilor con\u021binute de Platform\u0103, sau din imposibilitatea de utilizare a Platformei, chiar dac\u0103 ROSS Consultants a fost avizat\u0103 de posibilitatea existen\u021bei unor asemenea posibile pierderi.<\/p>\n<h4><a name=\"referinte\"><\/a>Referin\u021be c\u0103tre alte site-uri<\/h4>\n<p>S-ar putea ca Platforma s\u0103 con\u021bin\u0103 referin\u021be (\u201clinks\u201d) c\u0103tre site-uri operate de persoane sau enit\u0103\u021bi diferite de ROSS Consultants (\u201cAlte Site-uri\u201d). Aceste referin\u021be sunt oferite pentru a v\u0103 u\u0219ura accesul la informa\u021bii. Existen\u021ba unei referin\u021be c\u0103tre un Alt Site nu \u00eenseamn\u0103 c\u0103 noi sus\u021binem con\u021binutul acelui Alt Site sau operatorul sau opera\u021biunile acelui Alt Site. Noi nu avem controlul asupra informa\u021biilor con\u021binute de acel Alt Site \u0219i prin urmare nu putem asigura c\u0103 informa\u021biile con\u021binute de acesta sunt corecte \u0219i relevante. Dumneavoastr\u0103 sunte\u021bi singura persoan\u0103 \u00een m\u0103sur\u0103 s\u0103 decide\u021bi dac\u0103 \u0219i cum utiliza\u021bi con\u021binutul acelui Alt Site.<\/p>\n<p>ROSS Consultants nu este responsabil\u0103 \u0219i nu poate fi f\u0103cut\u0103 r\u0103spunz\u0103toare de nicio pierdere \u0219i de niciun cost implicat de rela\u021bionarea dumneavoastr\u0103 cu un Alt Site, cu operatorul acelui Alt Site sau cu orice persoan\u0103 cu care realiza\u021bi tranzac\u021bii.<\/p>\n<h4><a name=\"responsabilitatile\"><\/a>Responsabilit\u0103\u021bile dumneavoastr\u0103<\/h4>\n<p>Sunte\u021bi de acord s\u0103 respecta\u021bi toate legile \u00een vigoare referitoare la utilizarea de c\u0103tre dumneavoastr\u0103 a Platformei \u0219i toate limit\u0103rile ce vor putea deriva din comunicarea \u00een scris sau afi\u0219at\u0103 pe ecran din partea ROSS Consultants. Ca o precondi\u021bie a utiliz\u0103rii acestei Platforme garanta\u021bi c\u0103 nu ve\u021bi utiliza Platforma \u00een niciun scop care este \u00eempotriva legii sau care este interzis de acest Acord.<\/p>\n<p>Prin utilizarea Platformei sunte\u021bi de acord ca nu ve\u021bi atenta la securitatea Platformei \u0219i c\u0103 nu ve\u021bi derula ac\u021biuni care includ, dar nu se limiteaz\u0103 la:<\/p>\n<ul>\n<li>accesarea datelor care nu v\u0103 sunt destinate;<\/li>\n<li>conectarea la un server sau un cont la care nu sunte\u021bi autorizat s\u0103 ave\u021bi acces;<\/li>\n<li>demonstrarea, testarea sau determinarea vulnerabilit\u0103\u021bii unui sistem sau a unei re\u021bele;<\/li>\n<li>spargerea m\u0103surilor de securizare sau autorizare f\u0103r\u0103 a avea autorizarea necesar\u0103;<\/li>\n<li>interferarea cu serviciul oferit oric\u0103rui utilizator, gazd\u0103 sau re\u021bea, incluz\u00eend, dar nelimit\u00eendu-se la ac\u021biuni de \u201cspamming\u201d, \u201cflooding\u201d, \u201cmail-bombing\u201d sau \u201ccrashing\u201d a Platformei;<\/li>\n<li>trimiterea de mesaje e-mail nesolicitate, incluz\u00eend promov\u0103ri sau promo\u021bii ale unor produse sau servicii;<\/li>\n<li>coruperea oric\u0103ror pachete TCP\/IP sau a oric\u0103rei par\u021bi a unor informa\u021bii din pachete con\u021binute de mesaje sau afi\u0219\u0103ri.<\/li>\n<\/ul>\n<h4><a name=\"modificari\"><\/a>Modific\u0103ri ale Acordului<\/h4>\n<p>Este posibil s\u0103 modific\u0103m termenii acestui acord atunci c\u00e2nd este necesar. \u00cen momentul \u00een care vom face modific\u0103ri, le vom publica \u00een aceast\u0103 sec\u021biune a Acordului f\u0103r\u0103 a notifica \u00een scris utilizatorii Platformei. Utilizarea din partea dumneavoastr\u0103 a acestei Platforme constituie acceptarea de c\u0103tre dumneavoastr\u0103 a termenilor stiplua\u021bi \u00een Acordul modificat. Data celei mai recente actualiz\u0103ri este men\u021bionat\u0103 la sf\u00e2r\u0219itul documentului.<\/p>\n<h4><a name=\"jurisdictie\"><\/a>Jurisdic\u021bie<\/h4>\n<p>Prin accesarea Platformei sunte\u021bi de acord ca orice disput\u0103 sau conflict juridic determinat sau derivat din utilizarea Platformei s\u0103 fie guvernat de legile \u00een vigoare \u00een Romania indiferent de existen\u021ba vreunui posibil conflict de legi.<\/p>\n<p>Data: 15.12.2013<\/p>","protected":false},"excerpt":{"rendered":"<p>Confiden\u021bialitatea V\u0103 rug\u0103m s\u0103 consulta\u021bi politica noastr\u0103 de confiden\u021bialitate. Termenii \u0219i condi\u021biile acestei politici fac parte din acest Acord. Drepturile de proprietate intelectual\u0103 Toate drepturile de proprietate intelectual\u0103 referitoare la texte, imagini, fotografii, grafice, interfa\u021ba utilizatorului \u0219i a altori tipuri de con\u021binut prezente \u00een cadrul Platformei \u00eempreun\u0103 cu selec\u021bia, arhitectura \u0219i aranjamentul acestui con\u021binut sunt de\u021binute de c\u0103tre ROSS Consultants \u0219i alte entit\u0103\u021bi licen\u021biatoare \u0219i sunt guvernate de legile rom\u00e2ne\u0219ti&nbsp;&nbsp;<a href=\"http:\/\/www.rosscon.ro\/en\/ross-consultants\/terms-of-use\/\" class=\"readmore\">more&#8230;<\/a><\/p>\n","protected":false},"author":6,"featured_media":683,"parent":511,"menu_order":7,"comment_status":"open","ping_status":"open","template":"page-with-sidebar.php","meta":[],"_links":{"self":[{"href":"http:\/\/www.rosscon.ro\/en\/wp-json\/wp\/v2\/pages\/103"}],"collection":[{"href":"http:\/\/www.rosscon.ro\/en\/wp-json\/wp\/v2\/pages"}],"about":[{"href":"http:\/\/www.rosscon.ro\/en\/wp-json\/wp\/v2\/types\/page"}],"author":[{"embeddable":true,"href":"http:\/\/www.rosscon.ro\/en\/wp-json\/wp\/v2\/users\/6"}],"replies":[{"embeddable":true,"href":"http:\/\/www.rosscon.ro\/en\/wp-json\/wp\/v2\/comments?post=103"}],"version-history":[{"count":10,"href":"http:\/\/www.rosscon.ro\/en\/wp-json\/wp\/v2\/pages\/103\/revisions"}],"predecessor-version":[{"id":794,"href":"http:\/\/www.rosscon.ro\/en\/wp-json\/wp\/v2\/pages\/103\/revisions\/794"}],"up":[{"embeddable":true,"href":"http:\/\/www.rosscon.ro\/en\/wp-json\/wp\/v2\/pages\/511"}],"wp:featuredmedia":[{"embeddable":true,"href":"http:\/\/www.rosscon.ro\/en\/wp-json\/wp\/v2\/media\/683"}],"wp:attachment":[{"href":"http:\/\/www.rosscon.ro\/en\/wp-json\/wp\/v2\/media?parent=103"}],"curies":[{"name":"wp","href":"https:\/\/api.w.org\/{rel}","templated":true}]}}